{"id":5572,"date":"2023-03-12T11:52:01","date_gmt":"2023-03-12T14:52:01","guid":{"rendered":"https:\/\/spinlock.com.ar\/industrias-2\/"},"modified":"2023-12-15T16:28:27","modified_gmt":"2023-12-15T19:28:27","slug":"industrias","status":"publish","type":"page","link":"https:\/\/spinlock.com.ar\/es\/industrias\/","title":{"rendered":"Industrias"},"content":{"rendered":"\t\t<div data-elementor-type=\"wp-page\" data-elementor-id=\"5572\" class=\"elementor elementor-5572 elementor-963\" data-elementor-post-type=\"page\">\n\t\t\t\t<div class=\"elementor-element elementor-element-1f683f4 e-flex e-con-boxed e-con e-parent\" data-id=\"1f683f4\" data-element_type=\"container\" data-e-type=\"container\" data-settings=\"{&quot;background_background&quot;:&quot;classic&quot;,&quot;jet_parallax_layout_list&quot;:[]}\">\n\t\t\t\t\t<div class=\"e-con-inner\">\n\t\t\t\t<div class=\"elementor-element elementor-element-630d7a5 elementor-widget elementor-widget-jet-listing-dynamic-field\" data-id=\"630d7a5\" data-element_type=\"widget\" data-e-type=\"widget\" data-widget_type=\"jet-listing-dynamic-field.default\">\n\t\t\t\t<div class=\"elementor-widget-container\">\n\t\t\t\t\t<div class=\"jet-listing jet-listing-dynamic-field display-inline\"><div class=\"jet-listing-dynamic-field__inline-wrap\"><h1 class=\"jet-listing-dynamic-field__content\" >Industrias<\/h1><\/div><\/div>\t\t\t\t<\/div>\n\t\t\t\t<\/div>\n\t\t\t\t<div class=\"elementor-element elementor-element-c0f3972 elementor-widget__width-initial elementor-widget elementor-widget-heading\" data-id=\"c0f3972\" data-element_type=\"widget\" data-e-type=\"widget\" data-widget_type=\"heading.default\">\n\t\t\t\t<div class=\"elementor-widget-container\">\n\t\t\t\t\t<p class=\"elementor-heading-title elementor-size-default\">Desarrollamos instrumentos anal\u00edticos de Resonancia Magn\u00e9tica para el control de calidad con el fin de aumentar la eficacia y rentabilidad de nuestros clientes.<\/p>\t\t\t\t<\/div>\n\t\t\t\t<\/div>\n\t\t\t\t\t<\/div>\n\t\t\t\t<\/div>\n\t\t<div class=\"elementor-element elementor-element-ba179a0 e-con-full e-flex e-con e-parent\" data-id=\"ba179a0\" data-element_type=\"container\" data-e-type=\"container\" data-settings=\"{&quot;jet_parallax_layout_list&quot;:[]}\">\n\t\t\t\t<div class=\"elementor-element elementor-element-11c6343 --splk-industries-listing-grid elementor-widget elementor-widget-jet-listing-grid\" data-id=\"11c6343\" data-element_type=\"widget\" data-e-type=\"widget\" data-settings=\"{&quot;columns&quot;:&quot;1&quot;}\" data-widget_type=\"jet-listing-grid.default\">\n\t\t\t\t<div class=\"elementor-widget-container\">\n\t\t\t\t\t<div class=\"jet-listing-grid jet-listing\"><div class=\"jet-listing-grid__items grid-col-desk-1 grid-col-tablet-1 grid-col-mobile-1 jet-listing-grid--920\" data-queried-id=\"5572|WP_Post\" data-nav=\"{&quot;enabled&quot;:false,&quot;type&quot;:null,&quot;more_el&quot;:null,&quot;query&quot;:[],&quot;widget_settings&quot;:{&quot;lisitng_id&quot;:920,&quot;posts_num&quot;:999,&quot;columns&quot;:1,&quot;columns_tablet&quot;:1,&quot;columns_mobile&quot;:1,&quot;column_min_width&quot;:240,&quot;column_min_width_tablet&quot;:240,&quot;column_min_width_mobile&quot;:240,&quot;inline_columns_css&quot;:false,&quot;is_archive_template&quot;:&quot;&quot;,&quot;post_status&quot;:[&quot;publish&quot;],&quot;use_random_posts_num&quot;:&quot;&quot;,&quot;max_posts_num&quot;:9,&quot;not_found_message&quot;:&quot;No se han encontrado datos&quot;,&quot;is_masonry&quot;:false,&quot;equal_columns_height&quot;:&quot;&quot;,&quot;use_load_more&quot;:&quot;&quot;,&quot;load_more_id&quot;:&quot;&quot;,&quot;load_more_type&quot;:&quot;click&quot;,&quot;load_more_offset&quot;:null,&quot;use_custom_post_types&quot;:&quot;&quot;,&quot;custom_post_types&quot;:[],&quot;hide_widget_if&quot;:&quot;&quot;,&quot;carousel_enabled&quot;:&quot;&quot;,&quot;slides_to_scroll&quot;:&quot;1&quot;,&quot;arrows&quot;:&quot;true&quot;,&quot;arrow_icon&quot;:&quot;fa fa-angle-left&quot;,&quot;dots&quot;:&quot;&quot;,&quot;autoplay&quot;:&quot;true&quot;,&quot;pause_on_hover&quot;:&quot;true&quot;,&quot;autoplay_speed&quot;:5000,&quot;infinite&quot;:&quot;true&quot;,&quot;center_mode&quot;:&quot;&quot;,&quot;effect&quot;:&quot;slide&quot;,&quot;speed&quot;:500,&quot;inject_alternative_items&quot;:&quot;yes&quot;,&quot;injection_items&quot;:[{&quot;_id&quot;:&quot;b4edbc7&quot;,&quot;item&quot;:&quot;950&quot;,&quot;item_condition_type&quot;:&quot;on_item&quot;,&quot;item_num&quot;:2,&quot;start_from_first&quot;:&quot;&quot;,&quot;meta_key&quot;:null,&quot;meta_key_compare&quot;:null,&quot;meta_key_val&quot;:null,&quot;tax&quot;:null,&quot;terms&quot;:null,&quot;post_type&quot;:null,&quot;inject_once&quot;:&quot;&quot;,&quot;item_colspan&quot;:1,&quot;static_item&quot;:&quot;&quot;,&quot;static_item_context&quot;:null}],&quot;scroll_slider_enabled&quot;:&quot;&quot;,&quot;scroll_slider_on&quot;:[&quot;desktop&quot;,&quot;tablet&quot;,&quot;mobile&quot;],&quot;custom_query&quot;:&quot;yes&quot;,&quot;custom_query_id&quot;:&quot;20&quot;,&quot;_element_id&quot;:&quot;&quot;,&quot;collapse_first_last_gap&quot;:false,&quot;list_tag_selection&quot;:&quot;&quot;,&quot;list_items_wrapper_tag&quot;:&quot;div&quot;,&quot;list_item_tag&quot;:&quot;div&quot;,&quot;empty_items_wrapper_tag&quot;:&quot;div&quot;}}\" data-page=\"1\" data-pages=\"1\" data-listing-source=\"query\" data-listing-id=\"920\" data-query-id=\"20\"><div class=\"jet-listing-grid__item jet-listing-dynamic-post-5745\" data-post-id=\"5745\"  ><style type=\"text\/css\">.jet-listing-dynamic-post-5745 .elementor-element.elementor-element-6b8b38f:not(.elementor-motion-effects-element-type-background), .jet-listing-dynamic-post-5745 .elementor-element.elementor-element-6b8b38f > .elementor-motion-effects-container > .elementor-motion-effects-layer{background-image:url(\"https:\/\/spinlock.com.ar\/wp-content\/uploads\/acgriculture-food.jpg\");}<\/style>\t\t<div data-elementor-type=\"jet-listing-items\" data-elementor-id=\"5679\" class=\"elementor elementor-5679 elementor-920 elementor-920\" data-elementor-post-type=\"jet-engine\">\n\t\t\t\t<div class=\"elementor-element elementor-element-52526c5 e-flex e-con-boxed e-con e-parent\" data-id=\"52526c5\" data-element_type=\"container\" data-e-type=\"container\" data-settings=\"{&quot;jet_parallax_layout_list&quot;:[],&quot;background_background&quot;:&quot;classic&quot;}\">\n\t\t\t\t\t<div class=\"e-con-inner\">\n\t\t<div class=\"elementor-element elementor-element-9f886e0 e-con-full e-flex e-con e-child\" data-id=\"9f886e0\" data-element_type=\"container\" data-e-type=\"container\" data-settings=\"{&quot;background_background&quot;:&quot;classic&quot;,&quot;jet_parallax_layout_list&quot;:[],&quot;motion_fx_motion_fx_scrolling&quot;:&quot;yes&quot;,&quot;motion_fx_translateY_effect&quot;:&quot;yes&quot;,&quot;motion_fx_translateY_speed&quot;:{&quot;unit&quot;:&quot;px&quot;,&quot;size&quot;:1,&quot;sizes&quot;:[]},&quot;motion_fx_devices&quot;:[&quot;desktop&quot;,&quot;tablet&quot;],&quot;motion_fx_translateY_affectedRange&quot;:{&quot;unit&quot;:&quot;%&quot;,&quot;size&quot;:&quot;&quot;,&quot;sizes&quot;:{&quot;start&quot;:0,&quot;end&quot;:100}}}\">\n\t\t\t\t<div class=\"elementor-element elementor-element-9caa015 elementor-widget elementor-widget-jet-listing-dynamic-field\" data-id=\"9caa015\" data-element_type=\"widget\" data-e-type=\"widget\" data-widget_type=\"jet-listing-dynamic-field.default\">\n\t\t\t\t<div class=\"elementor-widget-container\">\n\t\t\t\t\t<div class=\"jet-listing jet-listing-dynamic-field display-inline\"><div class=\"jet-listing-dynamic-field__inline-wrap\"><h3 class=\"jet-listing-dynamic-field__content\" >Agricultura y alimentaci\u00f3n<\/h3><\/div><\/div>\t\t\t\t<\/div>\n\t\t\t\t<\/div>\n\t\t\t\t<div class=\"elementor-element elementor-element-4590093 elementor-widget elementor-widget-jet-listing-dynamic-field\" data-id=\"4590093\" data-element_type=\"widget\" data-e-type=\"widget\" data-widget_type=\"jet-listing-dynamic-field.default\">\n\t\t\t\t<div class=\"elementor-widget-container\">\n\t\t\t\t\t<div class=\"jet-listing jet-listing-dynamic-field display-inline\"><div class=\"jet-listing-dynamic-field__inline-wrap\"><p class=\"jet-listing-dynamic-field__content\" ><p>Ofrecemos soluciones de equipamiento para el control y aseguramiento de la calidad en semillas, cereales, aceites y subproductos, aderezos (mayonesa y salsas), aceitunas, aguacate, chocolate, pescado y productos l\u00e1cteos.<br>  Spinlock ofrece todas estas soluciones tanto en sistemas de sobremesa como en l\u00ednea, para montar tanto en laboratorios como en l\u00edneas de producci\u00f3n.<br>  Los equipos de I+D de Spinlock trabajan constantemente para desarrollar nuevas aplicaciones y mejorar las soluciones tecnol\u00f3gicas actuales para las Industrias Agr\u00edcola y Alimentaria.<\/p>\n<\/p><\/div><\/div>\t\t\t\t<\/div>\n\t\t\t\t<\/div>\n\t\t\t\t<div class=\"elementor-element elementor-element-a1d1148 elementor-widget elementor-widget-jet-listing-dynamic-link\" data-id=\"a1d1148\" data-element_type=\"widget\" data-e-type=\"widget\" data-widget_type=\"jet-listing-dynamic-link.default\">\n\t\t\t\t<div class=\"elementor-widget-container\">\n\t\t\t\t\t<div class=\"jet-listing jet-listing-dynamic-link\"><a href=\"https:\/\/spinlock.com.ar\/es\/industria\/agricultura-e-industria-alimentaria\/\" class=\"jet-listing-dynamic-link__link\"><span class=\"jet-listing-dynamic-link__label\">M\u00e1s informaci\u00f3n<\/span><\/a><\/div>\t\t\t\t<\/div>\n\t\t\t\t<\/div>\n\t\t\t\t<\/div>\n\t\t<div class=\"elementor-element elementor-element-6b8b38f e-con-full e-flex e-con e-child\" data-id=\"6b8b38f\" data-element_type=\"container\" data-e-type=\"container\" data-settings=\"{&quot;background_background&quot;:&quot;classic&quot;,&quot;jet_parallax_layout_list&quot;:[],&quot;motion_fx_motion_fx_scrolling&quot;:&quot;yes&quot;,&quot;motion_fx_translateY_effect&quot;:&quot;yes&quot;,&quot;motion_fx_translateY_direction&quot;:&quot;negative&quot;,&quot;motion_fx_translateY_speed&quot;:{&quot;unit&quot;:&quot;px&quot;,&quot;size&quot;:1,&quot;sizes&quot;:[]},&quot;motion_fx_devices&quot;:[&quot;desktop&quot;,&quot;tablet&quot;],&quot;motion_fx_translateY_affectedRange&quot;:{&quot;unit&quot;:&quot;%&quot;,&quot;size&quot;:&quot;&quot;,&quot;sizes&quot;:{&quot;start&quot;:0,&quot;end&quot;:100}}}\">\n\t\t\t\t<\/div>\n\t\t\t\t\t<\/div>\n\t\t\t\t<\/div>\n\t\t\t\t<\/div>\n\t\t<\/div><div class=\"jet-listing-grid__item jet-listing-dynamic-post-5752 jet-listing-grid--950\" data-post-id=\"5752\"  ><style type=\"text\/css\">.jet-listing-dynamic-post-5752 .elementor-element.elementor-element-ec51d15:not(.elementor-motion-effects-element-type-background), .jet-listing-dynamic-post-5752 .elementor-element.elementor-element-ec51d15 > .elementor-motion-effects-container > .elementor-motion-effects-layer{background-image:url(\"https:\/\/spinlock.com.ar\/wp-content\/uploads\/img-hero-oil-and-gas.jpg\");}<\/style>\t\t<div data-elementor-type=\"jet-listing-items\" data-elementor-id=\"5690\" class=\"elementor elementor-5690 elementor-950 elementor-950\" data-elementor-post-type=\"jet-engine\">\n\t\t\t\t<div class=\"elementor-element elementor-element-a702da7 e-flex e-con-boxed e-con e-parent\" data-id=\"a702da7\" data-element_type=\"container\" data-e-type=\"container\" data-settings=\"{&quot;jet_parallax_layout_list&quot;:[],&quot;background_background&quot;:&quot;classic&quot;}\">\n\t\t\t\t\t<div class=\"e-con-inner\">\n\t\t<div class=\"elementor-element elementor-element-ec51d15 e-con-full e-flex e-con e-parent\" data-id=\"ec51d15\" data-element_type=\"container\" data-e-type=\"container\" data-settings=\"{&quot;background_background&quot;:&quot;classic&quot;,&quot;jet_parallax_layout_list&quot;:[],&quot;motion_fx_motion_fx_scrolling&quot;:&quot;yes&quot;,&quot;motion_fx_translateY_effect&quot;:&quot;yes&quot;,&quot;motion_fx_translateY_speed&quot;:{&quot;unit&quot;:&quot;px&quot;,&quot;size&quot;:1,&quot;sizes&quot;:[]},&quot;motion_fx_devices&quot;:[&quot;desktop&quot;,&quot;tablet&quot;],&quot;motion_fx_translateY_affectedRange&quot;:{&quot;unit&quot;:&quot;%&quot;,&quot;size&quot;:&quot;&quot;,&quot;sizes&quot;:{&quot;start&quot;:0,&quot;end&quot;:100}}}\">\n\t\t\t\t<\/div>\n\t\t<div class=\"elementor-element elementor-element-a5b983c e-con-full e-flex e-con e-parent\" data-id=\"a5b983c\" data-element_type=\"container\" data-e-type=\"container\" data-settings=\"{&quot;background_background&quot;:&quot;classic&quot;,&quot;jet_parallax_layout_list&quot;:[],&quot;motion_fx_motion_fx_scrolling&quot;:&quot;yes&quot;,&quot;motion_fx_translateY_effect&quot;:&quot;yes&quot;,&quot;motion_fx_translateY_speed&quot;:{&quot;unit&quot;:&quot;px&quot;,&quot;size&quot;:1,&quot;sizes&quot;:[]},&quot;motion_fx_translateY_direction&quot;:&quot;negative&quot;,&quot;motion_fx_devices&quot;:[&quot;desktop&quot;,&quot;tablet&quot;],&quot;motion_fx_translateY_affectedRange&quot;:{&quot;unit&quot;:&quot;%&quot;,&quot;size&quot;:&quot;&quot;,&quot;sizes&quot;:{&quot;start&quot;:0,&quot;end&quot;:100}}}\">\n\t\t\t\t<div class=\"elementor-element elementor-element-86d3610 elementor-widget elementor-widget-jet-listing-dynamic-field\" data-id=\"86d3610\" data-element_type=\"widget\" data-e-type=\"widget\" data-widget_type=\"jet-listing-dynamic-field.default\">\n\t\t\t\t<div class=\"elementor-widget-container\">\n\t\t\t\t\t<div class=\"jet-listing jet-listing-dynamic-field display-inline\"><div class=\"jet-listing-dynamic-field__inline-wrap\"><h3 class=\"jet-listing-dynamic-field__content\" >Petr\u00f3leo y gas<\/h3><\/div><\/div>\t\t\t\t<\/div>\n\t\t\t\t<\/div>\n\t\t\t\t<div class=\"elementor-element elementor-element-dae7eff elementor-widget elementor-widget-jet-listing-dynamic-field\" data-id=\"dae7eff\" data-element_type=\"widget\" data-e-type=\"widget\" data-widget_type=\"jet-listing-dynamic-field.default\">\n\t\t\t\t<div class=\"elementor-widget-container\">\n\t\t\t\t\t<div class=\"jet-listing jet-listing-dynamic-field display-inline\"><div class=\"jet-listing-dynamic-field__inline-wrap\"><p class=\"jet-listing-dynamic-field__content\" ><p>La tecnolog\u00eda de RMN se utiliza ampliamente en la industria del petr\u00f3leo y el gas. Adem\u00e1s de la medici\u00f3n de la porosidad y otras aplicaciones de laboratorio, Spinlock ha desarrollado una tecnolog\u00eda \u00fanica de medici\u00f3n multif\u00e1sica para el control de pozos, en colaboraci\u00f3n con otras empresas de petr\u00f3leo y gas.<br>\nLa tecnolog\u00eda actual mide el porcentaje de petr\u00f3leo, agua y gas sin tener que separar las fases. Se desarroll\u00f3 una soluci\u00f3n en l\u00ednea, junto con un medidor de corte de agua multif\u00e1sico, denominado SLK GOW.<\/p>\n<\/p><\/div><\/div>\t\t\t\t<\/div>\n\t\t\t\t<\/div>\n\t\t\t\t<div class=\"elementor-element elementor-element-74825d6 elementor-widget elementor-widget-jet-listing-dynamic-link\" data-id=\"74825d6\" data-element_type=\"widget\" data-e-type=\"widget\" data-widget_type=\"jet-listing-dynamic-link.default\">\n\t\t\t\t<div class=\"elementor-widget-container\">\n\t\t\t\t\t<div class=\"jet-listing jet-listing-dynamic-link\"><a href=\"https:\/\/spinlock.com.ar\/es\/industria\/combustibles-de-petroleo-y-gas\/\" class=\"jet-listing-dynamic-link__link\"><span class=\"jet-listing-dynamic-link__label\">M\u00e1s informaci\u00f3n<\/span><\/a><\/div>\t\t\t\t<\/div>\n\t\t\t\t<\/div>\n\t\t\t\t<\/div>\n\t\t\t\t\t<\/div>\n\t\t\t\t<\/div>\n\t\t\t\t<\/div>\n\t\t<\/div><div class=\"jet-listing-grid__item jet-listing-dynamic-post-5757\" data-post-id=\"5757\"  ><style type=\"text\/css\">.jet-listing-dynamic-post-5757 .elementor-element.elementor-element-6b8b38f:not(.elementor-motion-effects-element-type-background), .jet-listing-dynamic-post-5757 .elementor-element.elementor-element-6b8b38f > .elementor-motion-effects-container > .elementor-motion-effects-layer{background-image:url(\"https:\/\/spinlock.com.ar\/wp-content\/uploads\/img-hero-textile.jpg\");}<\/style>\t\t<div data-elementor-type=\"jet-listing-items\" data-elementor-id=\"5679\" class=\"elementor elementor-5679 elementor-920 elementor-920\" data-elementor-post-type=\"jet-engine\">\n\t\t\t\t<div class=\"elementor-element elementor-element-52526c5 e-flex e-con-boxed e-con e-parent\" data-id=\"52526c5\" data-element_type=\"container\" data-e-type=\"container\" data-settings=\"{&quot;jet_parallax_layout_list&quot;:[],&quot;background_background&quot;:&quot;classic&quot;}\">\n\t\t\t\t\t<div class=\"e-con-inner\">\n\t\t<div class=\"elementor-element elementor-element-9f886e0 e-con-full e-flex e-con e-child\" data-id=\"9f886e0\" data-element_type=\"container\" data-e-type=\"container\" data-settings=\"{&quot;background_background&quot;:&quot;classic&quot;,&quot;jet_parallax_layout_list&quot;:[],&quot;motion_fx_motion_fx_scrolling&quot;:&quot;yes&quot;,&quot;motion_fx_translateY_effect&quot;:&quot;yes&quot;,&quot;motion_fx_translateY_speed&quot;:{&quot;unit&quot;:&quot;px&quot;,&quot;size&quot;:1,&quot;sizes&quot;:[]},&quot;motion_fx_devices&quot;:[&quot;desktop&quot;,&quot;tablet&quot;],&quot;motion_fx_translateY_affectedRange&quot;:{&quot;unit&quot;:&quot;%&quot;,&quot;size&quot;:&quot;&quot;,&quot;sizes&quot;:{&quot;start&quot;:0,&quot;end&quot;:100}}}\">\n\t\t\t\t<div class=\"elementor-element elementor-element-9caa015 elementor-widget elementor-widget-jet-listing-dynamic-field\" data-id=\"9caa015\" data-element_type=\"widget\" data-e-type=\"widget\" data-widget_type=\"jet-listing-dynamic-field.default\">\n\t\t\t\t<div class=\"elementor-widget-container\">\n\t\t\t\t\t<div class=\"jet-listing jet-listing-dynamic-field display-inline\"><div class=\"jet-listing-dynamic-field__inline-wrap\"><h3 class=\"jet-listing-dynamic-field__content\" >Textil<\/h3><\/div><\/div>\t\t\t\t<\/div>\n\t\t\t\t<\/div>\n\t\t\t\t<div class=\"elementor-element elementor-element-4590093 elementor-widget elementor-widget-jet-listing-dynamic-field\" data-id=\"4590093\" data-element_type=\"widget\" data-e-type=\"widget\" data-widget_type=\"jet-listing-dynamic-field.default\">\n\t\t\t\t<div class=\"elementor-widget-container\">\n\t\t\t\t\t<div class=\"jet-listing jet-listing-dynamic-field display-inline\"><div class=\"jet-listing-dynamic-field__inline-wrap\"><p class=\"jet-listing-dynamic-field__content\" ><p>La industria de fabricaci\u00f3n de fibras tiene una aplicaci\u00f3n tradicional de RMN: Spin Finish. Spinlock ha desarrollado su propia soluci\u00f3n para determinar el contenido de Oil Pick-Up.<br>\nLa tecnolog\u00eda de Spinlock permite desplegar la soluci\u00f3n tambi\u00e9n tanto en el laboratorio (unidades de sobremesa) como en l\u00ednea, con su exclusivo equipo TD-NMR en l\u00ednea. Existen m\u00e9todos con y sin pesaje.<\/p>\n<\/p><\/div><\/div>\t\t\t\t<\/div>\n\t\t\t\t<\/div>\n\t\t\t\t<div class=\"elementor-element elementor-element-a1d1148 elementor-widget elementor-widget-jet-listing-dynamic-link\" data-id=\"a1d1148\" data-element_type=\"widget\" data-e-type=\"widget\" data-widget_type=\"jet-listing-dynamic-link.default\">\n\t\t\t\t<div class=\"elementor-widget-container\">\n\t\t\t\t\t<div class=\"jet-listing jet-listing-dynamic-link\"><a href=\"https:\/\/spinlock.com.ar\/es\/industria\/textil\/\" class=\"jet-listing-dynamic-link__link\"><span class=\"jet-listing-dynamic-link__label\">M\u00e1s informaci\u00f3n<\/span><\/a><\/div>\t\t\t\t<\/div>\n\t\t\t\t<\/div>\n\t\t\t\t<\/div>\n\t\t<div class=\"elementor-element elementor-element-6b8b38f e-con-full e-flex e-con e-child\" data-id=\"6b8b38f\" data-element_type=\"container\" data-e-type=\"container\" data-settings=\"{&quot;background_background&quot;:&quot;classic&quot;,&quot;jet_parallax_layout_list&quot;:[],&quot;motion_fx_motion_fx_scrolling&quot;:&quot;yes&quot;,&quot;motion_fx_translateY_effect&quot;:&quot;yes&quot;,&quot;motion_fx_translateY_direction&quot;:&quot;negative&quot;,&quot;motion_fx_translateY_speed&quot;:{&quot;unit&quot;:&quot;px&quot;,&quot;size&quot;:1,&quot;sizes&quot;:[]},&quot;motion_fx_devices&quot;:[&quot;desktop&quot;,&quot;tablet&quot;],&quot;motion_fx_translateY_affectedRange&quot;:{&quot;unit&quot;:&quot;%&quot;,&quot;size&quot;:&quot;&quot;,&quot;sizes&quot;:{&quot;start&quot;:0,&quot;end&quot;:100}}}\">\n\t\t\t\t<\/div>\n\t\t\t\t\t<\/div>\n\t\t\t\t<\/div>\n\t\t\t\t<\/div>\n\t\t<\/div><div class=\"jet-listing-grid__item jet-listing-dynamic-post-5760 jet-listing-grid--950\" data-post-id=\"5760\"  ><style type=\"text\/css\">.jet-listing-dynamic-post-5760 .elementor-element.elementor-element-ec51d15:not(.elementor-motion-effects-element-type-background), .jet-listing-dynamic-post-5760 .elementor-element.elementor-element-ec51d15 > .elementor-motion-effects-container > .elementor-motion-effects-layer{background-image:url(\"https:\/\/spinlock.com.ar\/wp-content\/uploads\/img-hero-biofuels.jpg\");}<\/style>\t\t<div data-elementor-type=\"jet-listing-items\" data-elementor-id=\"5690\" class=\"elementor elementor-5690 elementor-950 elementor-950\" data-elementor-post-type=\"jet-engine\">\n\t\t\t\t<div class=\"elementor-element elementor-element-a702da7 e-flex e-con-boxed e-con e-parent\" data-id=\"a702da7\" data-element_type=\"container\" data-e-type=\"container\" data-settings=\"{&quot;jet_parallax_layout_list&quot;:[],&quot;background_background&quot;:&quot;classic&quot;}\">\n\t\t\t\t\t<div class=\"e-con-inner\">\n\t\t<div class=\"elementor-element elementor-element-ec51d15 e-con-full e-flex e-con e-parent\" data-id=\"ec51d15\" data-element_type=\"container\" data-e-type=\"container\" data-settings=\"{&quot;background_background&quot;:&quot;classic&quot;,&quot;jet_parallax_layout_list&quot;:[],&quot;motion_fx_motion_fx_scrolling&quot;:&quot;yes&quot;,&quot;motion_fx_translateY_effect&quot;:&quot;yes&quot;,&quot;motion_fx_translateY_speed&quot;:{&quot;unit&quot;:&quot;px&quot;,&quot;size&quot;:1,&quot;sizes&quot;:[]},&quot;motion_fx_devices&quot;:[&quot;desktop&quot;,&quot;tablet&quot;],&quot;motion_fx_translateY_affectedRange&quot;:{&quot;unit&quot;:&quot;%&quot;,&quot;size&quot;:&quot;&quot;,&quot;sizes&quot;:{&quot;start&quot;:0,&quot;end&quot;:100}}}\">\n\t\t\t\t<\/div>\n\t\t<div class=\"elementor-element elementor-element-a5b983c e-con-full e-flex e-con e-parent\" data-id=\"a5b983c\" data-element_type=\"container\" data-e-type=\"container\" data-settings=\"{&quot;background_background&quot;:&quot;classic&quot;,&quot;jet_parallax_layout_list&quot;:[],&quot;motion_fx_motion_fx_scrolling&quot;:&quot;yes&quot;,&quot;motion_fx_translateY_effect&quot;:&quot;yes&quot;,&quot;motion_fx_translateY_speed&quot;:{&quot;unit&quot;:&quot;px&quot;,&quot;size&quot;:1,&quot;sizes&quot;:[]},&quot;motion_fx_translateY_direction&quot;:&quot;negative&quot;,&quot;motion_fx_devices&quot;:[&quot;desktop&quot;,&quot;tablet&quot;],&quot;motion_fx_translateY_affectedRange&quot;:{&quot;unit&quot;:&quot;%&quot;,&quot;size&quot;:&quot;&quot;,&quot;sizes&quot;:{&quot;start&quot;:0,&quot;end&quot;:100}}}\">\n\t\t\t\t<div class=\"elementor-element elementor-element-86d3610 elementor-widget elementor-widget-jet-listing-dynamic-field\" data-id=\"86d3610\" data-element_type=\"widget\" data-e-type=\"widget\" data-widget_type=\"jet-listing-dynamic-field.default\">\n\t\t\t\t<div class=\"elementor-widget-container\">\n\t\t\t\t\t<div class=\"jet-listing jet-listing-dynamic-field display-inline\"><div class=\"jet-listing-dynamic-field__inline-wrap\"><h3 class=\"jet-listing-dynamic-field__content\" >Biocombustibles<\/h3><\/div><\/div>\t\t\t\t<\/div>\n\t\t\t\t<\/div>\n\t\t\t\t<div class=\"elementor-element elementor-element-dae7eff elementor-widget elementor-widget-jet-listing-dynamic-field\" data-id=\"dae7eff\" data-element_type=\"widget\" data-e-type=\"widget\" data-widget_type=\"jet-listing-dynamic-field.default\">\n\t\t\t\t<div class=\"elementor-widget-container\">\n\t\t\t\t\t<div class=\"jet-listing jet-listing-dynamic-field display-inline\"><div class=\"jet-listing-dynamic-field__inline-wrap\"><p class=\"jet-listing-dynamic-field__content\" ><p>La tecnolog\u00eda Spinlock tambi\u00e9n encuentra aplicaciones en el mercado de la bioenerg\u00eda. Spinlock NMR Technology ofrece soluciones anal\u00edticas durante todo el proceso de conversi\u00f3n de aceite vegetal en combustible.<br \/>\nNuestras soluciones pueden utilizarse ya durante la recepci\u00f3n del grano, continuar con puntos de control durante el proceso de transesterificaci\u00f3n y, por \u00faltimo, la RMN es una t\u00e9cnica robusta para determinar, r\u00e1pidamente, el contenido de agua y el control de la mezcla del producto final.<\/p>\n<\/p><\/div><\/div>\t\t\t\t<\/div>\n\t\t\t\t<\/div>\n\t\t\t\t<div class=\"elementor-element elementor-element-74825d6 elementor-widget elementor-widget-jet-listing-dynamic-link\" data-id=\"74825d6\" data-element_type=\"widget\" data-e-type=\"widget\" data-widget_type=\"jet-listing-dynamic-link.default\">\n\t\t\t\t<div class=\"elementor-widget-container\">\n\t\t\t\t\t<div class=\"jet-listing jet-listing-dynamic-link\"><a href=\"https:\/\/spinlock.com.ar\/es\/industria\/biocombustibles\/\" class=\"jet-listing-dynamic-link__link\"><span class=\"jet-listing-dynamic-link__label\">M\u00e1s informaci\u00f3n<\/span><\/a><\/div>\t\t\t\t<\/div>\n\t\t\t\t<\/div>\n\t\t\t\t<\/div>\n\t\t\t\t\t<\/div>\n\t\t\t\t<\/div>\n\t\t\t\t<\/div>\n\t\t<\/div><\/div><\/div>\t\t\t\t<\/div>\n\t\t\t\t<\/div>\n\t\t\t\t<\/div>\n\t\t\t\t<\/div>\n\t\t","protected":false},"excerpt":{"rendered":"<p>Desarrollamos instrumentos anal\u00edticos de Resonancia Magn\u00e9tica para el control de calidad con el fin de aumentar la eficacia y rentabilidad de nuestros clientes. Agriculture and Food We offer Equipment Solutions for Quality Control &amp; Assurance in Seed, Grain, Oils &amp; by-products, Dressings (mayonnaise and sauces), Olives, Avocado, Chocolate, Fish and Dairy. Spinlock offers all these [&hellip;]<\/p>\n","protected":false},"author":4,"featured_media":4960,"parent":0,"menu_order":0,"comment_status":"closed","ping_status":"closed","template":"","meta":{"inline_featured_image":false,"footnotes":""},"class_list":["post-5572","page","type-page","status-publish","has-post-thumbnail","hentry"],"_links":{"self":[{"href":"https:\/\/spinlock.com.ar\/es\/wp-json\/wp\/v2\/pages\/5572","targetHints":{"allow":["GET"]}}],"collection":[{"href":"https:\/\/spinlock.com.ar\/es\/wp-json\/wp\/v2\/pages"}],"about":[{"href":"https:\/\/spinlock.com.ar\/es\/wp-json\/wp\/v2\/types\/page"}],"author":[{"embeddable":true,"href":"https:\/\/spinlock.com.ar\/es\/wp-json\/wp\/v2\/users\/4"}],"replies":[{"embeddable":true,"href":"https:\/\/spinlock.com.ar\/es\/wp-json\/wp\/v2\/comments?post=5572"}],"version-history":[{"count":0,"href":"https:\/\/spinlock.com.ar\/es\/wp-json\/wp\/v2\/pages\/5572\/revisions"}],"wp:featuredmedia":[{"embeddable":true,"href":"https:\/\/spinlock.com.ar\/es\/wp-json\/wp\/v2\/media\/4960"}],"wp:attachment":[{"href":"https:\/\/spinlock.com.ar\/es\/wp-json\/wp\/v2\/media?parent=5572"}],"curies":[{"name":"wp","href":"https:\/\/api.w.org\/{rel}","templated":true}]}}